{"id":71,"date":"2021-09-04T18:30:44","date_gmt":"2021-09-04T18:30:44","guid":{"rendered":"https:\/\/vitimobis.pt\/wp\/?page_id=71"},"modified":"2021-09-04T18:32:26","modified_gmt":"2021-09-04T18:32:26","slug":"71-2","status":"publish","type":"page","link":"https:\/\/vitimobis.pt\/wp\/71-2\/","title":{"rendered":"Sobre n\u00f3s&#8230;"},"content":{"rendered":"<p>[et_pb_section fb_built=&#8221;1&#8243; _builder_version=&#8221;4.10.6&#8243; _module_preset=&#8221;default&#8221; use_background_color_gradient=&#8221;on&#8221; background_color_gradient_start=&#8221;rgba(0,193,193,0.23)&#8221; background_color_gradient_end=&#8221;rgba(0,23,117,0.1)&#8221; background_color_gradient_direction=&#8221;185deg&#8221; background_color_gradient_overlays_image=&#8221;on&#8221; background_image=&#8221;https:\/\/vitimobis.pt\/wp\/wp-content\/uploads\/2021\/09\/Vitimobis_hesagono_simples_vd01.png&#8221; global_colors_info=&#8221;{}&#8221;][et_pb_row _builder_version=&#8221;4.10.6&#8243; _module_preset=&#8221;default&#8221;][et_pb_column _builder_version=&#8221;4.10.6&#8243; _module_preset=&#8221;default&#8221; type=&#8221;4_4&#8243;][et_pb_accordion _builder_version=&#8221;4.10.6&#8243; _module_preset=&#8221;default&#8221; hover_enabled=&#8221;0&#8243; sticky_enabled=&#8221;0&#8243;][et_pb_accordion_item title=&#8221;Quem somos?&#8221; _builder_version=&#8221;4.10.6&#8243; _module_preset=&#8221;default&#8221; open=&#8221;on&#8221; hover_enabled=&#8221;0&#8243; sticky_enabled=&#8221;0&#8243;]<\/p>\n<h2><span style=\"font-size: 14px; text-align: justify; color: #000000;\">Somos uma empresa jovem, din\u00e2mica, trabalhadora e que ambiciona ser uma das empresas de refer\u00eancia em todos os setores onde atua, tendo como neg\u00f3cio principal a presta\u00e7\u00e3o de servi\u00e7os profissionais multidisciplinares, em v\u00e1rios setores de atividade. Para mais informa\u00e7\u00f5es sobre a nossa atividade consulte as p\u00e1ginas das v\u00e1rias \u00e1reas de neg\u00f3cio.<\/span><\/h2>\n<p>[\/et_pb_accordion_item][et_pb_accordion_item title=&#8221;Miss\u00e3o e valores&#8230;&#8221; _builder_version=&#8221;4.10.6&#8243; _module_preset=&#8221;default&#8221; open=&#8221;off&#8221; hover_enabled=&#8221;0&#8243; sticky_enabled=&#8221;0&#8243;]<\/p>\n<div class=\"et_pb_module et_pb_text et_pb_text_2  et_pb_text_align_left et_pb_bg_layout_light\">\n<div class=\"et_pb_text_inner\">\n<h2><span style=\"font-size: 14px; text-align: justify; color: #666666;\">Nos mercados onde atuamos queremos ser reconhecidos como uma empresa de refer\u00eancia em que o bin\u00f3mio qualidade \/ pre\u00e7o se distingue das empresas nossas concorrentes e a nossa rela\u00e7\u00e3o com os clientes, parceiros, fornecedores e colaboradores tenham os mais elevados n\u00edveis de integridade, honestidade e transpar\u00eancia. Ambicionamos ser reconhecidos no mercado como tendo estes valores e primamos a nossa conduta na sua defesa. Adot\u00e1mos uma conduta respons\u00e1vel na defesa do meio ambiente onde estamos inseridos. Esta conduta passa por praticar comportamentos distintivos na sua defesa como por exemplo, (i) selecionar metodologias e estrat\u00e9gias que minimizem os impactes no meio ambiente, (ii) selecionar na opera\u00e7\u00e3o, produtos consum\u00edveis que ofere\u00e7am o menor impacto poss\u00edvel para o meio ambiente (produtos bio-degrad\u00e1veis), (iii) selecionar as solu\u00e7\u00f5es adequadas a cada momento, utilizando nesses processos crit\u00e9rios de risco, impacte e proporcionalidade no meio ambiente, (iv) adotar comportamentos defensores do equil\u00edbrio natural em termos de fauna e flora, (v) sempre que poss\u00edvel, integrar na nossa cadeia de valor fabricantes e fornecedores nacionais e locais desde que n\u00e3o seja colocada em causa a qualidade global do servi\u00e7o \/ produto a comercializar.<\/span><\/h2>\n<\/div>\n<\/div>\n<div class=\"et_pb_module et_pb_text et_pb_text_3  et_pb_text_align_justified et_pb_bg_layout_light\">\n<div class=\"et_pb_text_inner\">\n<p class=\"western\">Em termos de objetivos a atingir, estes variam em fun\u00e7\u00e3o da \u00e1rea de neg\u00f3cio (sugerimos a consulta do s\u00edtio afeto a cada \u00e1rea de neg\u00f3cio) assim como tamb\u00e9m variam as linhas mestras da nossa atua\u00e7\u00e3o para cada uma delas. Ainda assim, temos sempre presente crit\u00e9rios de preocupa\u00e7\u00e3o como por exemplo, (i) de que forma podemos aportar valor aos ativos dos nossos clientes, (ii) como podemos ser competitivos no mercado alinhando as nossas ofertas com as de mercado, (iii) cumprir (ou fazer o que est\u00e1 ao nosso alcance para cumprir) os nossos compromissos com terceiros, (iv) ter uma conduta de transpar\u00eancia em todo o processo de neg\u00f3cio (se o gasto real foi mais baixo que o or\u00e7amentado o cliente paga menos pelo servi\u00e7o).<\/p>\n<p class=\"western\">\u00c9 importante referir que n\u00e3o trabalhamos a qualquer pre\u00e7o e a nossa ambi\u00e7\u00e3o \u00e9 ter clientes satisfeitos pois apostamos em rela\u00e7\u00f5es duradouras e, com igual grau de import\u00e2ncia, ser uma empresa sustent\u00e1vel e rent\u00e1vel.<\/p>\n<\/div>\n<\/div>\n<p>[\/et_pb_accordion_item][et_pb_accordion_item title=&#8221;Comos nos relacionamos com terceiros?&#8221; _builder_version=&#8221;4.10.6&#8243; _module_preset=&#8221;default&#8221; hover_enabled=&#8221;0&#8243; sticky_enabled=&#8221;0&#8243; open=&#8221;off&#8221;]<\/p>\n<p>Nos relacionamentos com Clientes, Fornecedores e Parceiros, exigimos seriedade na rela\u00e7\u00e3o connosco e que se cumpram os acordos \/ compromissos assumidos. E porque a sustentabilidade \u00e9 uma das nossas preocupa\u00e7\u00f5es na rela\u00e7\u00e3o comercial com terceiros, tipicamente funcionamos com condi\u00e7\u00f5es de pronto pagamento ou pagamento contra entrega, quer com clientes, quer com fornecedores. Poderemos utilizar na negocia\u00e7\u00e3o destas condi\u00e7\u00f5es outros crit\u00e9rios de risco que permitam salvaguardar a sustentabilidade da rela\u00e7\u00e3o.<\/p>\n<p>[\/et_pb_accordion_item][\/et_pb_accordion][\/et_pb_column][\/et_pb_row][\/et_pb_section]<\/p>\n","protected":false},"excerpt":{"rendered":"<p>Somos uma empresa jovem, din\u00e2mica, trabalhadora e que ambiciona ser uma das empresas de refer\u00eancia em todos os setores onde atua, tendo como neg\u00f3cio principal a presta\u00e7\u00e3o de servi\u00e7os profissionais multidisciplinares, em v\u00e1rios setores de atividade. Para mais informa\u00e7\u00f5es sobre a nossa atividade consulte as p\u00e1ginas das v\u00e1rias \u00e1reas de neg\u00f3cio. Nos mercados onde atuamos [&hellip;]<\/p>\n","protected":false},"author":1,"featured_media":0,"parent":0,"menu_order":0,"comment_status":"closed","ping_status":"closed","template":"","meta":{"_et_pb_use_builder":"on","_et_pb_old_content":"","_et_gb_content_width":"","footnotes":""},"class_list":["post-71","page","type-page","status-publish","hentry"],"_links":{"self":[{"href":"https:\/\/vitimobis.pt\/wp\/wp-json\/wp\/v2\/pages\/71","targetHints":{"allow":["GET"]}}],"collection":[{"href":"https:\/\/vitimobis.pt\/wp\/wp-json\/wp\/v2\/pages"}],"about":[{"href":"https:\/\/vitimobis.pt\/wp\/wp-json\/wp\/v2\/types\/page"}],"author":[{"embeddable":true,"href":"https:\/\/vitimobis.pt\/wp\/wp-json\/wp\/v2\/users\/1"}],"replies":[{"embeddable":true,"href":"https:\/\/vitimobis.pt\/wp\/wp-json\/wp\/v2\/comments?post=71"}],"version-history":[{"count":6,"href":"https:\/\/vitimobis.pt\/wp\/wp-json\/wp\/v2\/pages\/71\/revisions"}],"predecessor-version":[{"id":79,"href":"https:\/\/vitimobis.pt\/wp\/wp-json\/wp\/v2\/pages\/71\/revisions\/79"}],"wp:attachment":[{"href":"https:\/\/vitimobis.pt\/wp\/wp-json\/wp\/v2\/media?parent=71"}],"curies":[{"name":"wp","href":"https:\/\/api.w.org\/{rel}","templated":true}]}}